{"id":13,"date":"2024-08-30T16:12:07","date_gmt":"2024-08-30T16:12:07","guid":{"rendered":"https:\/\/tuvandulich.denuicatba.com\/?page_id=13"},"modified":"2024-08-30T16:45:09","modified_gmt":"2024-08-30T16:45:09","slug":"home","status":"publish","type":"page","link":"https:\/\/tuvandulich.denuicatba.com\/?page_id=13","title":{"rendered":"Home"},"content":{"rendered":"\t\t<div data-elementor-type=\"wp-page\" data-elementor-id=\"13\" class=\"elementor elementor-13\">\n\t\t\t\t\t\t<section class=\"elementor-section elementor-top-section elementor-element elementor-element-588502a5 elementor-section-full_width ev-bike-shop-banner-section elementor-section-height-default elementor-section-height-default\" data-id=\"588502a5\" data-element_type=\"section\" data-settings=\"{&quot;background_background&quot;:&quot;classic&quot;}\">\n\t\t\t\t\t\t<div class=\"elementor-container elementor-column-gap-default\">\n\t\t\t\t\t<div class=\"elementor-column elementor-col-100 elementor-top-column elementor-element elementor-element-5bc93fa0\" data-id=\"5bc93fa0\" data-element_type=\"column\">\n\t\t\t<div class=\"elementor-widget-wrap elementor-element-populated\">\n\t\t\t\t\t\t<section class=\"elementor-section elementor-inner-section elementor-element elementor-element-7bd3101c elementor-section-boxed elementor-section-height-default elementor-section-height-default\" data-id=\"7bd3101c\" data-element_type=\"section\">\n\t\t\t\t\t\t<div class=\"elementor-container elementor-column-gap-default\">\n\t\t\t\t\t<div class=\"elementor-column elementor-col-50 elementor-inner-column elementor-element elementor-element-9f50e74\" data-id=\"9f50e74\" data-element_type=\"column\">\n\t\t\t<div class=\"elementor-widget-wrap elementor-element-populated\">\n\t\t\t\t\t\t<div class=\"elementor-element elementor-element-73f2dafd elementor-widget elementor-widget-heading\" data-id=\"73f2dafd\" data-element_type=\"widget\" data-widget_type=\"heading.default\">\n\t\t\t\t<div class=\"elementor-widget-container\">\n\t\t\t<style>\/*! elementor - v3.23.0 - 05-08-2024 *\/\n.elementor-heading-title{padding:0;margin:0;line-height:1}.elementor-widget-heading .elementor-heading-title[class*=elementor-size-]>a{color:inherit;font-size:inherit;line-height:inherit}.elementor-widget-heading .elementor-heading-title.elementor-size-small{font-size:15px}.elementor-widget-heading .elementor-heading-title.elementor-size-medium{font-size:19px}.elementor-widget-heading .elementor-heading-title.elementor-size-large{font-size:29px}.elementor-widget-heading .elementor-heading-title.elementor-size-xl{font-size:39px}.elementor-widget-heading .elementor-heading-title.elementor-size-xxl{font-size:59px}<\/style><h1 class=\"elementor-heading-title elementor-size-default\">Showroom Xe \u0111i\u1ec7n B\u1ea3o Anh<\/h1>\t\t<\/div>\n\t\t\t\t<\/div>\n\t\t\t\t<div class=\"elementor-element elementor-element-aea9563 elementor-hidden-mobile elementor-widget elementor-widget-text-editor\" data-id=\"aea9563\" data-element_type=\"widget\" data-widget_type=\"text-editor.default\">\n\t\t\t\t<div class=\"elementor-widget-container\">\n\t\t\t<style>\/*! elementor - v3.23.0 - 05-08-2024 *\/\n.elementor-widget-text-editor.elementor-drop-cap-view-stacked .elementor-drop-cap{background-color:#69727d;color:#fff}.elementor-widget-text-editor.elementor-drop-cap-view-framed .elementor-drop-cap{color:#69727d;border:3px solid;background-color:transparent}.elementor-widget-text-editor:not(.elementor-drop-cap-view-default) .elementor-drop-cap{margin-top:8px}.elementor-widget-text-editor:not(.elementor-drop-cap-view-default) .elementor-drop-cap-letter{width:1em;height:1em}.elementor-widget-text-editor .elementor-drop-cap{float:left;text-align:center;line-height:1;font-size:50px}.elementor-widget-text-editor .elementor-drop-cap-letter{display:inline-block}<\/style>\t\t\t\t<p><strong><span style=\"color: #050505; font-family: 'Segoe UI Historic', 'Segoe UI', Helvetica, Arial, sans-serif; font-size: 15px; text-align: center;\">Chuy\u00ean kinh doanh xe m\u00e1y \u0111i\u1ec7n, xe \u0111\u1ea1p th\u1ec3 thao, tr\u1ebb em, xe m\u00e1y 50cc. Gi\u00e1 t\u1ed1t nh\u1ea5t, b\u1ea3o h\u00e0nh l\u01b0u \u0111\u1ed9ng 24\/7, d\u1ecbch v\u1ee5 s\u1eeda ch\u1eefa t\u1ea1i ch\u1ed7.<\/span><\/strong><\/p>\t\t\t\t\t\t<\/div>\n\t\t\t\t<\/div>\n\t\t\t\t\t<\/div>\n\t\t<\/div>\n\t\t\t\t<div class=\"elementor-column elementor-col-50 elementor-inner-column elementor-element elementor-element-71a3cc49\" data-id=\"71a3cc49\" data-element_type=\"column\">\n\t\t\t<div class=\"elementor-widget-wrap\">\n\t\t\t\t\t\t\t<\/div>\n\t\t<\/div>\n\t\t\t\t\t<\/div>\n\t\t<\/section>\n\t\t\t\t<div class=\"elementor-element elementor-element-7e2f986a banner-button elementor-mobile-align-center elementor-widget elementor-widget-button\" data-id=\"7e2f986a\" data-element_type=\"widget\" data-widget_type=\"button.default\">\n\t\t\t\t<div class=\"elementor-widget-container\">\n\t\t\t\t\t<div class=\"elementor-button-wrapper\">\n\t\t\t<a class=\"elementor-button elementor-button-link elementor-size-sm\" href=\"#\">\n\t\t\t\t\t\t<span class=\"elementor-button-content-wrapper\">\n\t\t\t\t\t\t\t\t\t<span class=\"elementor-button-text\">XEM TH\u00caM<\/span>\n\t\t\t\t\t<\/span>\n\t\t\t\t\t<\/a>\n\t\t<\/div>\n\t\t\t\t<\/div>\n\t\t\t\t<\/div>\n\t\t\t\t\t<\/div>\n\t\t<\/div>\n\t\t\t\t\t<\/div>\n\t\t<\/section>\n\t\t\t\t<section class=\"elementor-section elementor-top-section elementor-element elementor-element-79b1e073 elementor-section-full_width ev-bike-shop-product-section elementor-section-height-default elementor-section-height-default\" data-id=\"79b1e073\" data-element_type=\"section\" data-settings=\"{&quot;background_background&quot;:&quot;classic&quot;}\">\n\t\t\t\t\t\t<div class=\"elementor-container elementor-column-gap-default\">\n\t\t\t\t\t<div class=\"elementor-column elementor-col-100 elementor-top-column elementor-element elementor-element-4a31a275\" data-id=\"4a31a275\" data-element_type=\"column\">\n\t\t\t<div class=\"elementor-widget-wrap elementor-element-populated\">\n\t\t\t\t\t\t<div class=\"elementor-element elementor-element-6f7e6880 product-short-heading elementor-widget elementor-widget-text-editor\" data-id=\"6f7e6880\" data-element_type=\"widget\" data-widget_type=\"text-editor.default\">\n\t\t\t\t<div class=\"elementor-widget-container\">\n\t\t\t\t\t\t\t<p><strong>SHOWROOM XE M\u00c1Y \u0110I\u1ec6N &#8211; XE X\u0102NG 50CC &#8211; XE \u0110\u1ea0P TH\u1ec2 THAO<\/strong><\/p>\t\t\t\t\t\t<\/div>\n\t\t\t\t<\/div>\n\t\t\t\t<div class=\"elementor-element elementor-element-3553a265 elementor-widget elementor-widget-heading\" data-id=\"3553a265\" data-element_type=\"widget\" data-widget_type=\"heading.default\">\n\t\t\t\t<div class=\"elementor-widget-container\">\n\t\t\t<h2 class=\"elementor-heading-title elementor-size-default\">Xe \u0111i\u1ec7n - T\u01b0\u01a1ng lai c\u1ee7a giao th\u00f4ng xanh<\/h2>\t\t<\/div>\n\t\t\t\t<\/div>\n\t\t\t\t<section class=\"elementor-section elementor-inner-section elementor-element elementor-element-61120eb elementor-section-full_width product-inner-sec elementor-section-height-default elementor-section-height-default\" data-id=\"61120eb\" data-element_type=\"section\">\n\t\t\t\t\t\t<div class=\"elementor-container elementor-column-gap-default\">\n\t\t\t\t\t<div class=\"elementor-column elementor-col-33 elementor-inner-column elementor-element elementor-element-55fce0c2\" data-id=\"55fce0c2\" data-element_type=\"column\" data-settings=\"{&quot;background_background&quot;:&quot;classic&quot;}\">\n\t\t\t<div class=\"elementor-widget-wrap elementor-element-populated\">\n\t\t\t\t\t\t<div class=\"elementor-element elementor-element-74923c99 elementor-widget elementor-widget-heading\" data-id=\"74923c99\" data-element_type=\"widget\" data-widget_type=\"heading.default\">\n\t\t\t\t<div class=\"elementor-widget-container\">\n\t\t\t<h2 class=\"elementor-heading-title elementor-size-default\"><a href=\"#\">Vespa Eclass HTC<\/a><\/h2>\t\t<\/div>\n\t\t\t\t<\/div>\n\t\t\t\t<div class=\"elementor-element elementor-element-61a2f14a elementor-widget elementor-widget-text-editor\" data-id=\"61a2f14a\" data-element_type=\"widget\" data-widget_type=\"text-editor.default\">\n\t\t\t\t<div class=\"elementor-widget-container\">\n\t\t\t\t\t\t\t<p>E-Class LTE<\/p><div id=\"eJOY__extension_root\" class=\"eJOY__extension_root_class\" style=\"all: unset;\">\u00a0<\/div>\t\t\t\t\t\t<\/div>\n\t\t\t\t<\/div>\n\t\t\t\t<div class=\"elementor-element elementor-element-6049507c elementor-widget elementor-widget-image\" data-id=\"6049507c\" data-element_type=\"widget\" data-widget_type=\"image.default\">\n\t\t\t\t<div class=\"elementor-widget-container\">\n\t\t\t<style>\/*! elementor - v3.23.0 - 05-08-2024 *\/\n.elementor-widget-image{text-align:center}.elementor-widget-image a{display:inline-block}.elementor-widget-image a img[src$=\".svg\"]{width:48px}.elementor-widget-image img{vertical-align:middle;display:inline-block}<\/style>\t\t\t\t\t\t\t\t\t\t\t<a href=\"#\">\n\t\t\t\t\t\t\t<img fetchpriority=\"high\" decoding=\"async\" width=\"1280\" height=\"1286\" src=\"https:\/\/tuvandulich.denuicatba.com\/wp-content\/uploads\/2024\/08\/457473350_122098835936500862_3893120164835873875_n.jpg\" class=\"attachment-full size-full wp-image-34\" alt=\"\" srcset=\"https:\/\/tuvandulich.denuicatba.com\/wp-content\/uploads\/2024\/08\/457473350_122098835936500862_3893120164835873875_n.jpg 1280w, https:\/\/tuvandulich.denuicatba.com\/wp-content\/uploads\/2024\/08\/457473350_122098835936500862_3893120164835873875_n-300x300.jpg 300w, https:\/\/tuvandulich.denuicatba.com\/wp-content\/uploads\/2024\/08\/457473350_122098835936500862_3893120164835873875_n-1019x1024.jpg 1019w, https:\/\/tuvandulich.denuicatba.com\/wp-content\/uploads\/2024\/08\/457473350_122098835936500862_3893120164835873875_n-150x150.jpg 150w, https:\/\/tuvandulich.denuicatba.com\/wp-content\/uploads\/2024\/08\/457473350_122098835936500862_3893120164835873875_n-768x772.jpg 768w\" sizes=\"(max-width: 1280px) 100vw, 1280px\" \/>\t\t\t\t\t\t\t\t<\/a>\n\t\t\t\t\t\t\t\t\t\t\t\t\t<\/div>\n\t\t\t\t<\/div>\n\t\t\t\t<div class=\"elementor-element elementor-element-1f439d4b elementor-widget elementor-widget-text-editor\" data-id=\"1f439d4b\" data-element_type=\"widget\" data-widget_type=\"text-editor.default\">\n\t\t\t\t<div class=\"elementor-widget-container\">\n\t\t\t\t\t\t\t<div class=\"row\"><div class=\"col-4 align-self-center text-center\"><div class=\"speed-data\"><div class=\"speed-range\">800W<\/div><div class=\"speed-info\">C\u00f4ng su\u1ea5t<\/div><\/div><\/div><div class=\"col-4 align-self-center text-center\"><div class=\"speed-data\"><div class=\"speed-range\">45 km\/h<\/div><div class=\"speed-info\">T\u1ed1c \u0111\u1ed9<\/div><\/div><\/div><div class=\"col-4 align-self-center text-center\"><div class=\"speed-data\"><div class=\"speed-range\">Linh ki\u1ec7n<\/div><div class=\"speed-range\">Ch\u00ednh h\u00e3ng<\/div><\/div><\/div><\/div>\t\t\t\t\t\t<\/div>\n\t\t\t\t<\/div>\n\t\t\t\t<div class=\"elementor-element elementor-element-213dbc72 pro-price elementor-widget elementor-widget-text-editor\" data-id=\"213dbc72\" data-element_type=\"widget\" data-widget_type=\"text-editor.default\">\n\t\t\t\t<div class=\"elementor-widget-container\">\n\t\t\t\t\t\t\t<p>17Tr 800<\/p>\t\t\t\t\t\t<\/div>\n\t\t\t\t<\/div>\n\t\t\t\t<div class=\"elementor-element elementor-element-6253b73 elementor-widget elementor-widget-text-editor\" data-id=\"6253b73\" data-element_type=\"widget\" data-widget_type=\"text-editor.default\">\n\t\t\t\t<div class=\"elementor-widget-container\">\n\t\t\t\t\t\t\t<p>Mi\u1ec5n ph\u00ed Ship b\u00e1n k\u00ednh 100Km<\/p>\t\t\t\t\t\t<\/div>\n\t\t\t\t<\/div>\n\t\t\t\t\t<\/div>\n\t\t<\/div>\n\t\t\t\t<div class=\"elementor-column elementor-col-33 elementor-inner-column elementor-element elementor-element-35420335\" data-id=\"35420335\" data-element_type=\"column\" data-settings=\"{&quot;background_background&quot;:&quot;classic&quot;}\">\n\t\t\t<div class=\"elementor-widget-wrap elementor-element-populated\">\n\t\t\t\t\t\t<div class=\"elementor-element elementor-element-51d0fad8 elementor-widget elementor-widget-heading\" data-id=\"51d0fad8\" data-element_type=\"widget\" data-widget_type=\"heading.default\">\n\t\t\t\t<div class=\"elementor-widget-container\">\n\t\t\t<h2 class=\"elementor-heading-title elementor-size-default\"><a href=\"#\">Revolt RV 400<\/a><\/h2>\t\t<\/div>\n\t\t\t\t<\/div>\n\t\t\t\t<div class=\"elementor-element elementor-element-3d20c724 elementor-widget elementor-widget-text-editor\" data-id=\"3d20c724\" data-element_type=\"widget\" data-widget_type=\"text-editor.default\">\n\t\t\t\t<div class=\"elementor-widget-container\">\n\t\t\t\t\t\t\t<p>Model Adrak Dual Motor All-wheel Drive<\/p>\t\t\t\t\t\t<\/div>\n\t\t\t\t<\/div>\n\t\t\t\t<div class=\"elementor-element elementor-element-23b76186 elementor-widget elementor-widget-image\" data-id=\"23b76186\" data-element_type=\"widget\" data-widget_type=\"image.default\">\n\t\t\t\t<div class=\"elementor-widget-container\">\n\t\t\t\t\t\t\t\t\t\t\t\t\t\t<a href=\"#\">\n\t\t\t\t\t\t\t<img decoding=\"async\" width=\"1280\" height=\"1280\" src=\"https:\/\/tuvandulich.denuicatba.com\/wp-content\/uploads\/2024\/08\/458e1384808b27d57e9a.jpg\" class=\"attachment-full size-full wp-image-24\" alt=\"\" srcset=\"https:\/\/tuvandulich.denuicatba.com\/wp-content\/uploads\/2024\/08\/458e1384808b27d57e9a.jpg 1280w, https:\/\/tuvandulich.denuicatba.com\/wp-content\/uploads\/2024\/08\/458e1384808b27d57e9a-300x300.jpg 300w, https:\/\/tuvandulich.denuicatba.com\/wp-content\/uploads\/2024\/08\/458e1384808b27d57e9a-1024x1024.jpg 1024w, https:\/\/tuvandulich.denuicatba.com\/wp-content\/uploads\/2024\/08\/458e1384808b27d57e9a-150x150.jpg 150w, https:\/\/tuvandulich.denuicatba.com\/wp-content\/uploads\/2024\/08\/458e1384808b27d57e9a-768x768.jpg 768w\" sizes=\"(max-width: 1280px) 100vw, 1280px\" \/>\t\t\t\t\t\t\t\t<\/a>\n\t\t\t\t\t\t\t\t\t\t\t\t\t<\/div>\n\t\t\t\t<\/div>\n\t\t\t\t<div class=\"elementor-element elementor-element-196f5699 elementor-widget elementor-widget-text-editor\" data-id=\"196f5699\" data-element_type=\"widget\" data-widget_type=\"text-editor.default\">\n\t\t\t\t<div class=\"elementor-widget-container\">\n\t\t\t\t\t\t\t<div class=\"row\">\n<div class=\"col-4 align-self-center text-center\">\n<div class=\"speed-data\">\n<div class=\"speed-range\">351 mi<\/div>\n<div class=\"speed-info\">Range<\/div>\n<\/div>\n<\/div>\n<div class=\"col-4 align-self-center text-center\">\n<div class=\"speed-data\">\n<div class=\"speed-range\">180 km\/h<\/div>\n<div class=\"speed-info\">Top Speed<\/div>\n<\/div>\n<\/div>\n<div class=\"col-4 align-self-center text-center\">\n<div class=\"speed-data\">\n<div class=\"speed-range\">3.8 sec<\/div>\n<div class=\"speed-info\">0-100 kmph<\/div>\n<\/div>\n<\/div>\n<\/div>\t\t\t\t\t\t<\/div>\n\t\t\t\t<\/div>\n\t\t\t\t<div class=\"elementor-element elementor-element-7f566485 pro-price elementor-widget elementor-widget-text-editor\" data-id=\"7f566485\" data-element_type=\"widget\" data-widget_type=\"text-editor.default\">\n\t\t\t\t<div class=\"elementor-widget-container\">\n\t\t\t\t\t\t\t<p>$12,457<\/p>\t\t\t\t\t\t<\/div>\n\t\t\t\t<\/div>\n\t\t\t\t<div class=\"elementor-element elementor-element-c98768f elementor-widget elementor-widget-text-editor\" data-id=\"c98768f\" data-element_type=\"widget\" data-widget_type=\"text-editor.default\">\n\t\t\t\t<div class=\"elementor-widget-container\">\n\t\t\t\t\t\t\t<p>Finance options available by our finance partners<\/p>\t\t\t\t\t\t<\/div>\n\t\t\t\t<\/div>\n\t\t\t\t\t<\/div>\n\t\t<\/div>\n\t\t\t\t<div class=\"elementor-column elementor-col-33 elementor-inner-column elementor-element elementor-element-57d52d33\" data-id=\"57d52d33\" data-element_type=\"column\" data-settings=\"{&quot;background_background&quot;:&quot;classic&quot;}\">\n\t\t\t<div class=\"elementor-widget-wrap elementor-element-populated\">\n\t\t\t\t\t\t<div class=\"elementor-element elementor-element-1450bf2d elementor-widget elementor-widget-heading\" data-id=\"1450bf2d\" data-element_type=\"widget\" data-widget_type=\"heading.default\">\n\t\t\t\t<div class=\"elementor-widget-container\">\n\t\t\t<h2 class=\"elementor-heading-title elementor-size-default\"><a href=\"#\">PURE EV etryst  350<\/a><\/h2>\t\t<\/div>\n\t\t\t\t<\/div>\n\t\t\t\t<div class=\"elementor-element elementor-element-5c0a97b7 elementor-widget elementor-widget-text-editor\" data-id=\"5c0a97b7\" data-element_type=\"widget\" data-widget_type=\"text-editor.default\">\n\t\t\t\t<div class=\"elementor-widget-container\">\n\t\t\t\t\t\t\t<p>Model Adrak Dual Motor All-wheel Drive<\/p>\t\t\t\t\t\t<\/div>\n\t\t\t\t<\/div>\n\t\t\t\t<div class=\"elementor-element elementor-element-4c75928f elementor-widget elementor-widget-image\" data-id=\"4c75928f\" data-element_type=\"widget\" data-widget_type=\"image.default\">\n\t\t\t\t<div class=\"elementor-widget-container\">\n\t\t\t\t\t\t\t\t\t\t\t\t\t\t<a href=\"#\">\n\t\t\t\t\t\t\t<img decoding=\"async\" width=\"250\" height=\"150\" src=\"https:\/\/tuvandulich.denuicatba.com\/wp-content\/uploads\/2024\/08\/image-3.png\" class=\"attachment-full size-full wp-image-10\" alt=\"\" \/>\t\t\t\t\t\t\t\t<\/a>\n\t\t\t\t\t\t\t\t\t\t\t\t\t<\/div>\n\t\t\t\t<\/div>\n\t\t\t\t<div class=\"elementor-element elementor-element-774bd24b elementor-widget elementor-widget-text-editor\" data-id=\"774bd24b\" data-element_type=\"widget\" data-widget_type=\"text-editor.default\">\n\t\t\t\t<div class=\"elementor-widget-container\">\n\t\t\t\t\t\t\t<div class=\"row\">\n<div class=\"col-4 align-self-center text-center\">\n<div class=\"speed-data\">\n<div class=\"speed-range\">351 mi<\/div>\n<div class=\"speed-info\">Range<\/div>\n<\/div>\n<\/div>\n<div class=\"col-4 align-self-center text-center\">\n<div class=\"speed-data\">\n<div class=\"speed-range\">180 km\/h<\/div>\n<div class=\"speed-info\">Top Speed<\/div>\n<\/div>\n<\/div>\n<div class=\"col-4 align-self-center text-center\">\n<div class=\"speed-data\">\n<div class=\"speed-range\">3.8 sec<\/div>\n<div class=\"speed-info\">0-100 kmph<\/div>\n<\/div>\n<\/div>\n<\/div>\t\t\t\t\t\t<\/div>\n\t\t\t\t<\/div>\n\t\t\t\t<div class=\"elementor-element elementor-element-4e49f528 pro-price elementor-widget elementor-widget-text-editor\" data-id=\"4e49f528\" data-element_type=\"widget\" data-widget_type=\"text-editor.default\">\n\t\t\t\t<div class=\"elementor-widget-container\">\n\t\t\t\t\t\t\t<p>$12,457<\/p>\t\t\t\t\t\t<\/div>\n\t\t\t\t<\/div>\n\t\t\t\t<div class=\"elementor-element elementor-element-178f7580 elementor-widget elementor-widget-text-editor\" data-id=\"178f7580\" data-element_type=\"widget\" data-widget_type=\"text-editor.default\">\n\t\t\t\t<div class=\"elementor-widget-container\">\n\t\t\t\t\t\t\t<p>Finance options available by our finance partners<\/p>\t\t\t\t\t\t<\/div>\n\t\t\t\t<\/div>\n\t\t\t\t\t<\/div>\n\t\t<\/div>\n\t\t\t\t\t<\/div>\n\t\t<\/section>\n\t\t\t\t\t<\/div>\n\t\t<\/div>\n\t\t\t\t\t<\/div>\n\t\t<\/section>\n\t\t\t\t<\/div>\n\t\t","protected":false},"excerpt":{"rendered":"<p>Showroom Xe \u0111i\u1ec7n B\u1ea3o Anh Chuy\u00ean kinh doanh xe m\u00e1y \u0111i\u1ec7n, xe \u0111\u1ea1p th\u1ec3 thao, tr\u1ebb em, xe m\u00e1y 50cc. Gi\u00e1 t\u1ed1t nh\u1ea5t, b\u1ea3o h\u00e0nh l\u01b0u \u0111\u1ed9ng 24\/7, d\u1ecbch v\u1ee5 s\u1eeda ch\u1eefa t\u1ea1i ch\u1ed7. XEM TH\u00caM SHOWROOM XE M\u00c1Y \u0110I\u1ec6N &#8211; XE X\u0102NG 50CC &#8211; XE \u0110\u1ea0P TH\u1ec2 THAO Xe \u0111i\u1ec7n &#8211; T\u01b0\u01a1ng lai c\u1ee7a [&hellip;]<\/p>\n","protected":false},"author":1,"featured_media":0,"parent":0,"menu_order":0,"comment_status":"closed","ping_status":"closed","template":"templates\/frontpage.php","meta":{"footnotes":""},"class_list":["post-13","page","type-page","status-publish","hentry"],"_links":{"self":[{"href":"https:\/\/tuvandulich.denuicatba.com\/index.php?rest_route=\/wp\/v2\/pages\/13","targetHints":{"allow":["GET"]}}],"collection":[{"href":"https:\/\/tuvandulich.denuicatba.com\/index.php?rest_route=\/wp\/v2\/pages"}],"about":[{"href":"https:\/\/tuvandulich.denuicatba.com\/index.php?rest_route=\/wp\/v2\/types\/page"}],"author":[{"embeddable":true,"href":"https:\/\/tuvandulich.denuicatba.com\/index.php?rest_route=\/wp\/v2\/users\/1"}],"replies":[{"embeddable":true,"href":"https:\/\/tuvandulich.denuicatba.com\/index.php?rest_route=%2Fwp%2Fv2%2Fcomments&post=13"}],"version-history":[{"count":19,"href":"https:\/\/tuvandulich.denuicatba.com\/index.php?rest_route=\/wp\/v2\/pages\/13\/revisions"}],"predecessor-version":[{"id":44,"href":"https:\/\/tuvandulich.denuicatba.com\/index.php?rest_route=\/wp\/v2\/pages\/13\/revisions\/44"}],"wp:attachment":[{"href":"https:\/\/tuvandulich.denuicatba.com\/index.php?rest_route=%2Fwp%2Fv2%2Fmedia&parent=13"}],"curies":[{"name":"wp","href":"https:\/\/api.w.org\/{rel}","templated":true}]}}